{"id":855,"date":"2024-11-25T12:33:52","date_gmt":"2024-11-25T11:33:52","guid":{"rendered":"https:\/\/fabenvision.de\/?post_type=product&#038;p=855"},"modified":"2024-12-15T14:58:31","modified_gmt":"2024-12-15T13:58:31","slug":"drache-in-schwarz-gold-farbkombination","status":"publish","type":"product","link":"https:\/\/fabenvision.de\/en\/product\/drache-in-schwarz-gold-farbkombination\/","title":{"rendered":"Drache in Schwarz-Gold-Farbkombination- Leinwandbild\/ Wandbild"},"content":{"rendered":"<ul>\n<li>Ein Set aus drei Leinw\u00e4nden mit einem Drachen in der Farbkombination Schwarz und Gold, in verschiedenen Gr\u00f6\u00dfen erh\u00e4ltlich, passend f\u00fcr Ihre Wand oder eine Ecke.<\/li>\n<li>Individuell gestaltbar: Schreiben Sie uns \u00fcber das Formular unten in der Produktbeschreibung, wenn Sie \u00c4nderungen an diesem Artikel w\u00fcnschen, z. B. die Gr\u00f6\u00dfe anpassen oder die Farben \u00e4ndern m\u00f6chten, um sie besser an das Thema Ihres Zimmers anzupassen.<\/li>\n<li>Hergestellt mit kinderfreundlicher Tinte und hochwertigem Baumwollmaterial.<\/li>\n<li>Mit handgefertigtem Holzrahmen.<\/li>\n<li>Vollst\u00e4ndig in Deutschland in Bayern hergestellt.<\/li>\n<li>Lieferzeit 2-3 Tage.<\/li>\n<\/ul>","protected":false},"excerpt":{"rendered":"<p>Ein Set aus drei Leinw\u00e4nden mit einem Drachen in der Farbkombination Schwarz und Gold, in verschiedenen Gr\u00f6\u00dfen erh\u00e4ltlich, passend f\u00fcr Ihre Wand oder eine Ecke.<\/p>","protected":false},"featured_media":653,"comment_status":"open","ping_status":"closed","template":"","meta":{"_monsterinsights_skip_tracking":false,"_monsterinsights_sitenote_active":false,"_monsterinsights_sitenote_note":"","_monsterinsights_sitenote_category":0,"_kadence_starter_templates_imported_post":false,"_kad_post_transparent":"default","_kad_post_title":"","_kad_post_layout":"default","_kad_post_sidebar_id":"","_kad_post_content_style":"default","_kad_post_vertical_padding":"default","_kad_post_feature":"","_kad_post_feature_position":"","_kad_post_header":false,"_kad_post_footer":false,"_vp_format_video_url":"","_vp_image_focal_point":[]},"product_cat":[39],"product_tag":[116,117,40,122],"class_list":{"0":"post-855","1":"product","2":"type-product","3":"status-publish","4":"has-post-thumbnail","6":"product_cat-leinwand","7":"product_tag-anime","8":"product_tag-drache","9":"product_tag-leinwand","10":"product_tag-schwarz-gold","12":"first","13":"instock","14":"sale","15":"shipping-taxable","16":"purchasable","17":"product-type-variable","18":"entry","19":"content-bg","20":"loop-entry"},"aioseo_notices":[],"jetpack_sharing_enabled":true,"_links":{"self":[{"href":"https:\/\/fabenvision.de\/en\/wp-json\/wp\/v2\/product\/855"}],"collection":[{"href":"https:\/\/fabenvision.de\/en\/wp-json\/wp\/v2\/product"}],"about":[{"href":"https:\/\/fabenvision.de\/en\/wp-json\/wp\/v2\/types\/product"}],"replies":[{"embeddable":true,"href":"https:\/\/fabenvision.de\/en\/wp-json\/wp\/v2\/comments?post=855"}],"wp:featuredmedia":[{"embeddable":true,"href":"https:\/\/fabenvision.de\/en\/wp-json\/wp\/v2\/media\/653"}],"wp:attachment":[{"href":"https:\/\/fabenvision.de\/en\/wp-json\/wp\/v2\/media?parent=855"}],"wp:term":[{"taxonomy":"product_cat","embeddable":true,"href":"https:\/\/fabenvision.de\/en\/wp-json\/wp\/v2\/product_cat?post=855"},{"taxonomy":"product_tag","embeddable":true,"href":"https:\/\/fabenvision.de\/en\/wp-json\/wp\/v2\/product_tag?post=855"}],"curies":[{"name":"wp","href":"https:\/\/api.w.org\/{rel}","templated":true}]}}