{"id":837,"date":"2024-11-24T14:53:23","date_gmt":"2024-11-24T13:53:23","guid":{"rendered":"https:\/\/fabenvision.de\/?post_type=product&#038;p=837"},"modified":"2024-12-15T15:03:55","modified_gmt":"2024-12-15T14:03:55","slug":"gut-gekleidete-raubtiere-in-menschengestalt-eisbaer-tiger-und-wolf","status":"publish","type":"product","link":"https:\/\/fabenvision.de\/en\/product\/gut-gekleidete-raubtiere-in-menschengestalt-eisbaer-tiger-und-wolf\/","title":{"rendered":"Gut gekleidete Raubtiere in Menschengestalt: ein Eisb\u00e4r, ein Tiger und ein Wolf- Leinwandbild\/ Wandbild"},"content":{"rendered":"<ul>\n<li>Ein Satz von drei Leinw\u00e4nden mit gut gekleideten Raubtieren in Menschengestalt: ein Eisb\u00e4r, ein Tiger und ein Wolf, in verschiedenen Gr\u00f6\u00dfen erh\u00e4ltlich, passend f\u00fcr Ihre Wand oder eine Ecke.<\/li>\n<li>Individuell gestaltbar: Schreiben Sie uns \u00fcber das Formular unten in der Produktbeschreibung, wenn Sie \u00c4nderungen an diesem Artikel w\u00fcnschen, z. B. die Gr\u00f6\u00dfe anpassen oder die Farben \u00e4ndern m\u00f6chten, um sie besser an das Thema Ihres Zimmers anzupassen.<\/li>\n<li>Hergestellt mit kinderfreundlicher Tinte und hochwertigem Baumwollmaterial.<\/li>\n<li>Mit handgefertigtem Holzrahmen.<\/li>\n<li>Vollst\u00e4ndig in Deutschland in Bayern hergestellt.<\/li>\n<li>Lieferzeit 2-3 Tage.<\/li>\n<\/ul>","protected":false},"excerpt":{"rendered":"<p>Ein Satz von drei Leinw\u00e4nden mit gut gekleideten Raubtieren in Menschengestalt: ein Eisb\u00e4r, ein Tiger und ein Wolf, in verschiedenen Gr\u00f6\u00dfen erh\u00e4ltlich, passend f\u00fcr Ihre Wand oder eine Ecke.<\/p>","protected":false},"featured_media":633,"comment_status":"open","ping_status":"closed","template":"","meta":{"_monsterinsights_skip_tracking":false,"_monsterinsights_sitenote_active":false,"_monsterinsights_sitenote_note":"","_monsterinsights_sitenote_category":0,"_kadence_starter_templates_imported_post":false,"_kad_post_transparent":"default","_kad_post_title":"","_kad_post_layout":"default","_kad_post_sidebar_id":"","_kad_post_content_style":"default","_kad_post_vertical_padding":"default","_kad_post_feature":"","_kad_post_feature_position":"","_kad_post_header":false,"_kad_post_footer":false,"_vp_format_video_url":"","_vp_image_focal_point":[]},"product_cat":[39],"product_tag":[81,80,40,82,63],"class_list":{"0":"post-837","1":"product","2":"type-product","3":"status-publish","4":"has-post-thumbnail","6":"product_cat-leinwand","7":"product_tag-eisbaer","8":"product_tag-enschengestalttier","9":"product_tag-leinwand","10":"product_tag-tiger","11":"product_tag-wolf","13":"first","14":"instock","15":"sale","16":"shipping-taxable","17":"purchasable","18":"product-type-variable","19":"entry","20":"content-bg","21":"loop-entry"},"aioseo_notices":[],"jetpack_sharing_enabled":true,"_links":{"self":[{"href":"https:\/\/fabenvision.de\/en\/wp-json\/wp\/v2\/product\/837"}],"collection":[{"href":"https:\/\/fabenvision.de\/en\/wp-json\/wp\/v2\/product"}],"about":[{"href":"https:\/\/fabenvision.de\/en\/wp-json\/wp\/v2\/types\/product"}],"replies":[{"embeddable":true,"href":"https:\/\/fabenvision.de\/en\/wp-json\/wp\/v2\/comments?post=837"}],"wp:featuredmedia":[{"embeddable":true,"href":"https:\/\/fabenvision.de\/en\/wp-json\/wp\/v2\/media\/633"}],"wp:attachment":[{"href":"https:\/\/fabenvision.de\/en\/wp-json\/wp\/v2\/media?parent=837"}],"wp:term":[{"taxonomy":"product_cat","embeddable":true,"href":"https:\/\/fabenvision.de\/en\/wp-json\/wp\/v2\/product_cat?post=837"},{"taxonomy":"product_tag","embeddable":true,"href":"https:\/\/fabenvision.de\/en\/wp-json\/wp\/v2\/product_tag?post=837"}],"curies":[{"name":"wp","href":"https:\/\/api.w.org\/{rel}","templated":true}]}}