{"id":835,"date":"2024-11-24T14:32:35","date_gmt":"2024-11-24T13:32:35","guid":{"rendered":"https:\/\/fabenvision.de\/?post_type=product&#038;p=835"},"modified":"2025-11-01T03:06:09","modified_gmt":"2025-11-01T02:06:09","slug":"die-grossen-kaetzen-afrikas-eine-loewin-ein-gepard-und-ein-leopard","status":"publish","type":"product","link":"https:\/\/fabenvision.de\/en\/product\/die-grossen-kaetzen-afrikas-eine-loewin-ein-gepard-und-ein-leopard\/","title":{"rendered":"Die gro\u00dfen Katzen Afrikas: Eine L\u00f6win, ein Gepard und ein Leopard- Leinwandbild\/ Wandbild"},"content":{"rendered":"<ul>\n<li>Der Satz von drei Leinw\u00e4nden mit den gro\u00dfen Katzen Afrikas: Eine L\u00f6win, ein Gepard und ein Leopard, in verschiedenen Gr\u00f6\u00dfen erh\u00e4ltlich, passend f\u00fcr Ihre Wand oder eine Ecke.<\/li>\n<li>Individuell gestaltbar: Schreiben Sie uns \u00fcber das Formular unten in der Produktbeschreibung, wenn Sie \u00c4nderungen an diesem Artikel w\u00fcnschen, z. B. die Gr\u00f6\u00dfe anpassen oder die Farben \u00e4ndern m\u00f6chten, um sie besser an das Thema Ihres Zimmers anzupassen.<\/li>\n<li>Hergestellt mit kinderfreundlicher Tinte und hochwertigem Baumwollmaterial.<\/li>\n<li>Mit handgefertigtem Holzrahmen.<\/li>\n<li>Vollst\u00e4ndig in Deutschland in Bayern hergestellt.<\/li>\n<li>Lieferzeit 2-3 Tage.<\/li>\n<\/ul>","protected":false},"excerpt":{"rendered":"<p>Der Satz von drei Leinw\u00e4nden mit den gro\u00dfen Katzen Afrikas: Eine L\u00f6win, ein Gepard und ein Leopard, in verschiedenen Gr\u00f6\u00dfen erh\u00e4ltlich, passend f\u00fcr Ihre Wand oder eine Ecke.<\/p>","protected":false},"featured_media":631,"comment_status":"open","ping_status":"closed","template":"","meta":{"_monsterinsights_skip_tracking":false,"_monsterinsights_sitenote_active":false,"_monsterinsights_sitenote_note":"","_monsterinsights_sitenote_category":0,"_kadence_starter_templates_imported_post":false,"_kad_post_transparent":"default","_kad_post_title":"","_kad_post_layout":"default","_kad_post_sidebar_id":"","_kad_post_content_style":"default","_kad_post_vertical_padding":"default","_kad_post_feature":"","_kad_post_feature_position":"","_kad_post_header":false,"_kad_post_footer":false,"_vp_format_video_url":"","_vp_image_focal_point":[]},"product_cat":[39],"product_tag":[74,72,40,73,71],"class_list":{"0":"post-835","1":"product","2":"type-product","3":"status-publish","4":"has-post-thumbnail","6":"product_cat-leinwand","7":"product_tag-afrika","8":"product_tag-gepard","9":"product_tag-leinwand","10":"product_tag-leopard","11":"product_tag-loewin","13":"first","14":"instock","15":"sale","16":"shipping-taxable","17":"purchasable","18":"product-type-variable","19":"entry","20":"content-bg","21":"loop-entry"},"aioseo_notices":[],"jetpack_sharing_enabled":true,"_links":{"self":[{"href":"https:\/\/fabenvision.de\/en\/wp-json\/wp\/v2\/product\/835"}],"collection":[{"href":"https:\/\/fabenvision.de\/en\/wp-json\/wp\/v2\/product"}],"about":[{"href":"https:\/\/fabenvision.de\/en\/wp-json\/wp\/v2\/types\/product"}],"replies":[{"embeddable":true,"href":"https:\/\/fabenvision.de\/en\/wp-json\/wp\/v2\/comments?post=835"}],"wp:featuredmedia":[{"embeddable":true,"href":"https:\/\/fabenvision.de\/en\/wp-json\/wp\/v2\/media\/631"}],"wp:attachment":[{"href":"https:\/\/fabenvision.de\/en\/wp-json\/wp\/v2\/media?parent=835"}],"wp:term":[{"taxonomy":"product_cat","embeddable":true,"href":"https:\/\/fabenvision.de\/en\/wp-json\/wp\/v2\/product_cat?post=835"},{"taxonomy":"product_tag","embeddable":true,"href":"https:\/\/fabenvision.de\/en\/wp-json\/wp\/v2\/product_tag?post=835"}],"curies":[{"name":"wp","href":"https:\/\/api.w.org\/{rel}","templated":true}]}}