{"id":833,"date":"2024-11-24T14:10:30","date_gmt":"2024-11-24T13:10:30","guid":{"rendered":"https:\/\/fabenvision.de\/?post_type=product&#038;p=833"},"modified":"2024-12-15T15:05:59","modified_gmt":"2024-12-15T14:05:59","slug":"ein-satz-von-vier-leinwaenden-mit-tieren-und-ihrer-wildnis-ein-loewe-ein-wolf-ein-baer-und-ein-hirsch","status":"publish","type":"product","link":"https:\/\/fabenvision.de\/en\/product\/ein-satz-von-vier-leinwaenden-mit-tieren-und-ihrer-wildnis-ein-loewe-ein-wolf-ein-baer-und-ein-hirsch\/","title":{"rendered":"Die Tiere und ihre Wildnis: Ein L\u00f6we, ein Wolf, ein B\u00e4r und ein Hirsch- Leinwandbild\/ Wandbild"},"content":{"rendered":"<ul>\n<li>Ein Satz von vier Leinw\u00e4nden mit Tieren und ihrer Wildnis: Ein L\u00f6we, ein Wolf, ein B\u00e4r und ein Hirsch, jeweils in der Gr\u00f6\u00dfe 32,5 cm x 32,5 cm<\/li>\n<li>Individuell gestaltbar: Schreiben Sie uns \u00fcber das Formular unten in der Produktbeschreibung, wenn Sie \u00c4nderungen an diesem Artikel w\u00fcnschen, z. B. die Gr\u00f6\u00dfe anpassen oder die Farben \u00e4ndern m\u00f6chten, um sie besser an das Thema Ihres Zimmers anzupassen.<\/li>\n<li>Hergestellt mit kinderfreundlicher Tinte und hochwertigem Baumwollmaterial.<\/li>\n<li>Mit handgefertigtem Holzrahmen.<\/li>\n<li>Vollst\u00e4ndig in Deutschland in Bayern hergestellt.<\/li>\n<li>Lieferzeit 2-3 Tage.<\/li>\n<\/ul>","protected":false},"excerpt":{"rendered":"<p>Ein Satz von vier Leinw\u00e4nden mit Tieren und ihrer Wildnis: Ein L\u00f6we, ein Wolf, ein B\u00e4r und ein Hirsch, jeweils in der Gr\u00f6\u00dfe 32,5 cm x 32,5 cm<\/p>","protected":false},"featured_media":641,"comment_status":"open","ping_status":"closed","template":"","meta":{"_monsterinsights_skip_tracking":false,"_monsterinsights_sitenote_active":false,"_monsterinsights_sitenote_note":"","_monsterinsights_sitenote_category":0,"_kadence_starter_templates_imported_post":false,"_kad_post_transparent":"default","_kad_post_title":"","_kad_post_layout":"default","_kad_post_sidebar_id":"","_kad_post_content_style":"default","_kad_post_vertical_padding":"default","_kad_post_feature":"","_kad_post_feature_position":"","_kad_post_header":false,"_kad_post_footer":false,"_vp_format_video_url":"","_vp_image_focal_point":[]},"product_cat":[39],"product_tag":[64,58,40,62,52,63],"class_list":{"0":"post-833","1":"product","2":"type-product","3":"status-publish","4":"has-post-thumbnail","6":"product_cat-leinwand","7":"product_tag-baer","8":"product_tag-hirsch","9":"product_tag-leinwand","10":"product_tag-loewe","11":"product_tag-wildnis","12":"product_tag-wolf","14":"first","15":"instock","16":"sale","17":"shipping-taxable","18":"purchasable","19":"product-type-simple","20":"entry","21":"content-bg","22":"loop-entry"},"aioseo_notices":[],"jetpack_sharing_enabled":true,"_links":{"self":[{"href":"https:\/\/fabenvision.de\/en\/wp-json\/wp\/v2\/product\/833"}],"collection":[{"href":"https:\/\/fabenvision.de\/en\/wp-json\/wp\/v2\/product"}],"about":[{"href":"https:\/\/fabenvision.de\/en\/wp-json\/wp\/v2\/types\/product"}],"replies":[{"embeddable":true,"href":"https:\/\/fabenvision.de\/en\/wp-json\/wp\/v2\/comments?post=833"}],"wp:featuredmedia":[{"embeddable":true,"href":"https:\/\/fabenvision.de\/en\/wp-json\/wp\/v2\/media\/641"}],"wp:attachment":[{"href":"https:\/\/fabenvision.de\/en\/wp-json\/wp\/v2\/media?parent=833"}],"wp:term":[{"taxonomy":"product_cat","embeddable":true,"href":"https:\/\/fabenvision.de\/en\/wp-json\/wp\/v2\/product_cat?post=833"},{"taxonomy":"product_tag","embeddable":true,"href":"https:\/\/fabenvision.de\/en\/wp-json\/wp\/v2\/product_tag?post=833"}],"curies":[{"name":"wp","href":"https:\/\/api.w.org\/{rel}","templated":true}]}}