{"id":812,"date":"2024-10-20T16:19:00","date_gmt":"2024-10-20T14:19:00","guid":{"rendered":"https:\/\/fabenvision.de\/?post_type=product&#038;p=812"},"modified":"2024-12-15T15:01:05","modified_gmt":"2024-12-15T14:01:05","slug":"schwarz-rote-szene-in-japan","status":"publish","type":"product","link":"https:\/\/fabenvision.de\/en\/product\/schwarz-rote-szene-in-japan\/","title":{"rendered":"Schwarze und rote Szene aus Japan- Leinwandbild\/ Wandbild"},"content":{"rendered":"<ul>\n<li>Vier verschiedene Leinwandbilder, mit dem Thema der schwarz-roten Farbpalette der japanischen Kunst,in verschiedenen Gr\u00f6\u00dfen erh\u00e4ltlich, passend f\u00fcr Ihre Wand oder eine Ecke<\/li>\n<li>Individuell gestaltbar: Schreiben Sie uns \u00fcber das Formular unten in der Produktbeschreibung, wenn Sie \u00c4nderungen an diesem Artikel w\u00fcnschen, zum Beispiel custmaized Gr\u00f6\u00dfe, \u00c4nderung der Farben, um besser auf das Thema Ihres Zimmers passen.<\/li>\n<li>Hergestellt mit kinderfreundlicher Tinte und hochwertigem Baumwollmaterial.<\/li>\n<li>Mit handgefertigtem Holzrahmen.<\/li>\n<li>Komplett in Deutschland in Bayern hergestellt.<\/li>\n<li>Lieferzeit 2-3 Tage.<\/li>\n<\/ul>","protected":false},"excerpt":{"rendered":"<p>Vier verschiedene St\u00fccke Leinwandbilder, mit dem Thema der schwarzen und roten Farbpalette der japanischen Kunst, in verschiedenen Gr\u00f6\u00dfen erh\u00e4ltlich, passend f\u00fcr Ihre Wand oder eine Ecke.<\/p>","protected":false},"featured_media":630,"comment_status":"open","ping_status":"closed","template":"","meta":{"_monsterinsights_skip_tracking":false,"_monsterinsights_sitenote_active":false,"_monsterinsights_sitenote_note":"","_monsterinsights_sitenote_category":0,"_kadence_starter_templates_imported_post":false,"_kad_post_transparent":"default","_kad_post_title":"","_kad_post_layout":"default","_kad_post_sidebar_id":"","_kad_post_content_style":"default","_kad_post_vertical_padding":"default","_kad_post_feature":"","_kad_post_feature_position":"","_kad_post_header":false,"_kad_post_footer":false,"_vp_format_video_url":"","_vp_image_focal_point":[]},"product_cat":[39],"product_tag":[41,40,42],"class_list":{"0":"post-812","1":"product","2":"type-product","3":"status-publish","4":"has-post-thumbnail","6":"product_cat-leinwand","7":"product_tag-japan","8":"product_tag-leinwand","9":"product_tag-wanddekoration","11":"first","12":"instock","13":"sale","14":"shipping-taxable","15":"purchasable","16":"product-type-variable","17":"entry","18":"content-bg","19":"loop-entry"},"aioseo_notices":[],"jetpack_sharing_enabled":true,"_links":{"self":[{"href":"https:\/\/fabenvision.de\/en\/wp-json\/wp\/v2\/product\/812"}],"collection":[{"href":"https:\/\/fabenvision.de\/en\/wp-json\/wp\/v2\/product"}],"about":[{"href":"https:\/\/fabenvision.de\/en\/wp-json\/wp\/v2\/types\/product"}],"replies":[{"embeddable":true,"href":"https:\/\/fabenvision.de\/en\/wp-json\/wp\/v2\/comments?post=812"}],"wp:featuredmedia":[{"embeddable":true,"href":"https:\/\/fabenvision.de\/en\/wp-json\/wp\/v2\/media\/630"}],"wp:attachment":[{"href":"https:\/\/fabenvision.de\/en\/wp-json\/wp\/v2\/media?parent=812"}],"wp:term":[{"taxonomy":"product_cat","embeddable":true,"href":"https:\/\/fabenvision.de\/en\/wp-json\/wp\/v2\/product_cat?post=812"},{"taxonomy":"product_tag","embeddable":true,"href":"https:\/\/fabenvision.de\/en\/wp-json\/wp\/v2\/product_tag?post=812"}],"curies":[{"name":"wp","href":"https:\/\/api.w.org\/{rel}","templated":true}]}}